{"id":23,"date":"2016-12-19T19:34:07","date_gmt":"2016-12-19T18:34:07","guid":{"rendered":"http:\/\/intercom-ic.home.pl\/autoinstalator\/wordpress2\/?page_id=23"},"modified":"2026-02-13T11:40:42","modified_gmt":"2026-02-13T10:40:42","slug":"kontakt","status":"publish","type":"page","link":"https:\/\/zspgbuk.pl\/?page_id=23","title":{"rendered":"Kontakt"},"content":{"rendered":"<h3>Dane Kontaktowe<\/h3>\n<p style=\"text-align: left;\"><strong>Adres:<\/strong> ul. Dworcowa 44, 64-320 Buk<\/p>\n<p style=\"text-align: left;\"><strong>Tel.<\/strong> 61 830 10 01<\/p>\n<p style=\"text-align: left;\"><strong>Tel.<\/strong> 61 830 11 67; 61 814 02 64<\/p>\n<p style=\"text-align: left;\"><strong>E-mail:<\/strong>\u00a0sekretariat@zspgbuk.pl<\/p>\n<p><strong>E-dor\u0119czenia:<\/strong> AE:PL-10357-21508-ETVST-22<\/p>\n<p><strong>EPUAP<\/strong><span style=\"color: #000000;\">:\/<a style=\"color: #000000;\" href=\"https:\/\/epuap.gov.pl\/wps\/myportal\/aplikacje\/skrzynka\/BSBuk\/SkrytkaESP\">BSBuk\/SkrytkaESP<\/a><\/span><\/p>\n<p style=\"text-align: left;\">Sekretariat czynny: <b>7.00 &#8211; 15.00 <\/b>(od poniedzia\u0142ku do pi\u0105tku)<\/p>\n<p><iframe title=\"ul. Dworcowa 44, 64-320 Buk\" src=\"https:\/\/maps.google.com\/maps?q=ul.%20Dworcowa%2044%2C%2064-320%20Buk&amp;t=m&amp;z=17&amp;output=embed&amp;iwloc=near\" frameborder=\"0\" marginwidth=\"0\" marginheight=\"0\" scrolling=\"no\" aria-label=\"ul. Dworcowa 44, 64-320 Buk\"><\/iframe><\/p>\n<h3>Organy Szko\u0142y<\/h3>\n<p>Dyrektor szko\u0142y:<strong> Karolina Wawrzyniak<\/strong><\/p>\n<p><strong><br \/>\n<\/strong>Kierownik szkolenia praktycznego:<strong>\u00a0<\/strong><\/p>\n<p><strong style=\"background-color: initial; font-size: 16px;\">Godziny pracy kierownika: <\/strong>(kszta\u0142cenie zawodowe uczni\u00f3w)<\/p>\n<ul>\n<li>wtorek: <strong>7.00 &#8211; 16.00<\/strong><\/li>\n<li>\u015broda: <strong>7.00 &#8211; 16.00<\/strong><\/li>\n<li>czwartek: <b>7<\/b><strong>.00 &#8211; 16.00<\/strong><\/li>\n<\/ul>\n<p>Pedagog szkolny: <strong>Kamila Kozdrowska<\/strong><\/p>\n<p><strong>Godziny pracy pedagoga szkolnego:<\/strong><\/p>\n<ul>\n<li>poniedzia\u0142ek: <b>8.00 &#8211; 12.15<\/b><\/li>\n<li>wtorek: <b>12.15 &#8211; 16.15<\/b><\/li>\n<li>\u015broda: <b>8<\/b><strong>.00 &#8211; 12.15<\/strong><\/li>\n<li>czwartek:<strong> 10.30- 15.30<\/strong><\/li>\n<li>pi\u0105tek: <b>8.00 &#8211; 12.30<\/b><\/li>\n<\/ul>\n","protected":false},"excerpt":{"rendered":"<p>Dane Kontaktowe Adres: ul. Dworcowa 44, 64-320 Buk Tel. 61 830 10 01 Tel. 61 830 11 67; 61 814 02 64 E-mail:\u00a0sekretariat@zspgbuk.pl E-dor\u0119czenia: AE:PL-10357-21508-ETVST-22 EPUAP:\/BSBuk\/SkrytkaESP Sekretariat czynny: 7.00 &#8211; 15.00 (od poniedzia\u0142ku do pi\u0105tku) Organy Szko\u0142y Dyrektor szko\u0142y: Karolina Wawrzyniak Kierownik szkolenia praktycznego:\u00a0 Godziny pracy kierownika: (kszta\u0142cenie zawodowe uczni\u00f3w) [&hellip;]<\/p>\n","protected":false},"author":3,"featured_media":404,"parent":0,"menu_order":0,"comment_status":"closed","ping_status":"closed","template":"","meta":[],"_links":{"self":[{"href":"https:\/\/zspgbuk.pl\/index.php?rest_route=\/wp\/v2\/pages\/23"}],"collection":[{"href":"https:\/\/zspgbuk.pl\/index.php?rest_route=\/wp\/v2\/pages"}],"about":[{"href":"https:\/\/zspgbuk.pl\/index.php?rest_route=\/wp\/v2\/types\/page"}],"author":[{"embeddable":true,"href":"https:\/\/zspgbuk.pl\/index.php?rest_route=\/wp\/v2\/users\/3"}],"replies":[{"embeddable":true,"href":"https:\/\/zspgbuk.pl\/index.php?rest_route=%2Fwp%2Fv2%2Fcomments&post=23"}],"version-history":[{"count":16,"href":"https:\/\/zspgbuk.pl\/index.php?rest_route=\/wp\/v2\/pages\/23\/revisions"}],"predecessor-version":[{"id":11008,"href":"https:\/\/zspgbuk.pl\/index.php?rest_route=\/wp\/v2\/pages\/23\/revisions\/11008"}],"wp:featuredmedia":[{"embeddable":true,"href":"https:\/\/zspgbuk.pl\/index.php?rest_route=\/wp\/v2\/media\/404"}],"wp:attachment":[{"href":"https:\/\/zspgbuk.pl\/index.php?rest_route=%2Fwp%2Fv2%2Fmedia&parent=23"}],"curies":[{"name":"wp","href":"https:\/\/api.w.org\/{rel}","templated":true}]}}