{"id":37,"date":"2016-12-19T19:36:33","date_gmt":"2016-12-19T18:36:33","guid":{"rendered":"https:\/\/zspgbuk.pl\/?page_id=37"},"modified":"2026-01-21T14:01:12","modified_gmt":"2026-01-21T13:01:12","slug":"strefa-pracodawcy","status":"publish","type":"page","link":"https:\/\/zspgbuk.pl\/?page_id=37","title":{"rendered":"STREFA PRACODAWCY"},"content":{"rendered":"<ul>\n<li>\n<h2><strong><a href=\"https:\/\/zspgbuk.pl\/strefa-pracodawcy\/galeria-pracodawcow-wirtualny-spacer\/\" class=\"broken_link\">Galeria Pracodawc\u00f3w &#8211; wirtualny spacer<\/a><\/strong><\/h2>\n<\/li>\n<li>\n<h2><a href=\"http:\/\/zspgbuk.pl\/wp-content\/uploads\/2021\/06\/Niezbednik-pracodawcy-ksztalcenie-dualne.pdf\" target=\"_blank\" rel=\"noopener\"><strong>Niezb\u0119dnik pracodawcy &#8211; kszta\u0142cenie dualne<\/strong><\/a><\/h2>\n<\/li>\n<li>\n<h2><a href=\"http:\/\/zspgbuk.pl\/wp-content\/uploads\/2016\/12\/ABC-Pracodawcy.pdf\" target=\"_blank\" rel=\"noopener noreferrer\"><strong>ABC Pracodawcy<\/strong><\/a><\/h2>\n<\/li>\n<li>\n<h2><a href=\"http:\/\/zspgbuk.pl\/wp-content\/uploads\/2022\/07\/Zawody-szkolnictwa-branzowego_I-stopien_2022.pdf\" target=\"_blank\" rel=\"noopener\"><span style=\"color: #ff0000;\"><strong>Wykaz zawod\u00f3w i kwalifikacji\u00a0<\/strong><\/span><\/a><\/h2>\n<\/li>\n<li>\n<h2><strong><a href=\"http:\/\/zspgbuk.pl\/wp-content\/uploads\/2016\/12\/Poradnik-dla-rzemie\u015blnik\u00f3w-WIR.pdf\" target=\"_blank\" rel=\"noopener noreferrer\">Poradnik dla rzemie\u015blnik\u00f3w &#8211; WIR<\/a><\/strong><\/h2>\n<\/li>\n<li>\n<h2><a href=\"http:\/\/zspgbuk.pl\/wp-content\/uploads\/2023\/09\/Umowa-o-prace-z-mlodocianym-pracownikiem.pdf\" target=\"_blank\" rel=\"noopener\"><strong>WZ\u00d3R umowy o prac\u0119 z m\u0142odocianym pracownikiem<\/strong><\/a><\/h2>\n<\/li>\n<li>\n<h2><a href=\"http:\/\/zspgbuk.pl\/wp-content\/uploads\/2021\/06\/ObowiazkiPracodawcy-bhp.pdf\" target=\"_blank\" rel=\"noopener\"><strong>Obowi\u0105zki pracodawcy w zakresie BHP<\/strong><\/a><\/h2>\n<\/li>\n<\/ul>\n<h2><span style=\"font-size: 24pt;\">Egzaminy zawodowe i czeladnicze<\/span><\/h2>\n<p><a href=\"http:\/\/zspgbuk.pl\/wp-content\/uploads\/2026\/01\/HARMONOGRAM-EGZAMINOW-ZAWODOWYCH-2026-F2019-TRZYLITEROWY.pdf\" target=\"_blank\" rel=\"noopener\"><strong>Harmonogram egzamin\u00f3w zawodowych 2026<\/strong> <\/a><\/p>\n<p><strong>Informatory o egzaminie zawodowym &#8211; <a href=\"https:\/\/cke.gov.pl\/egzamin-zawodowy\/egzamin-zawodowy-formula-2019\/informatory-wyposazenie-osrodkow\/informatory\/\">Informatory \u2013 CKE<\/a><\/strong><\/p>\n<p><strong>Informacje o egzaminie czeladniczym &#8211; <a href=\"https:\/\/www.irpoznan.com.pl\/strona,egzamin-czeladniczy-2.html\">Egzamin czeladniczy<\/a><\/strong><\/p>\n<p><strong>Op\u0142ata za egzamin zawodowy &#8211; <a href=\"https:\/\/www.oke.poznan.pl\/cms,105,oplata_za_egzamin.htm\">Op\u0142ata za egzamin &#8211; OKE Pozna\u0144<\/a><\/strong><\/p>\n<p><strong><u>Testy i zadania egzaminacyjne \u2013 linki:<\/u><\/strong><\/p>\n<p><strong><u><a href=\"https:\/\/kwalifikacjewzawodzie.pl\/_kwalifikacje\/\">kwalifikacje | kwalifikacje w zawodzie<\/a><\/u><\/strong><\/p>\n<p><strong><u><a href=\"https:\/\/www.testy.egzaminzawodowy.info\/\" class=\"broken_link\">https:\/\/www.testy.egzaminzawodowy.info\/<\/a><\/u><\/strong><\/p>\n<p><strong>Zadania jawne na egzamin zawodowy &#8211; <u><a href=\"https:\/\/cke.gov.pl\/egzamin-zawodowy\/egzamin-zawodowy-formula-2019\/jawne-zadania-egzaminacyjne-czesc-praktyczna\/\">Jawne zadania egzaminacyjne (cz\u0119\u015b\u0107 praktyczna) \u2013 CKE<\/a><\/u><\/strong><\/p>\n<p><strong><u>Przyk\u0142adowe pytania egzaminacyjne na egzamin czeladniczy &#8211; <a href=\"https:\/\/www.irpoznan.com.pl\/strona,pytania-egzaminacyjne.html\">Pytania egzaminacyjne<\/a><\/u><\/strong><\/p>\n<p>&nbsp;<\/p>\n","protected":false},"excerpt":{"rendered":"<p>Galeria Pracodawc\u00f3w &#8211; wirtualny spacer Niezb\u0119dnik pracodawcy &#8211; kszta\u0142cenie dualne ABC Pracodawcy Wykaz zawod\u00f3w i kwalifikacji\u00a0 Poradnik dla rzemie\u015blnik\u00f3w &#8211; WIR WZ\u00d3R umowy o prac\u0119 z m\u0142odocianym pracownikiem Obowi\u0105zki pracodawcy w zakresie BHP Egzaminy zawodowe i czeladnicze Harmonogram egzamin\u00f3w zawodowych 2026 Informatory o egzaminie zawodowym &#8211; Informatory \u2013 CKE Informacje [&hellip;]<\/p>\n","protected":false},"author":2,"featured_media":0,"parent":0,"menu_order":0,"comment_status":"closed","ping_status":"closed","template":"","meta":[],"_links":{"self":[{"href":"https:\/\/zspgbuk.pl\/index.php?rest_route=\/wp\/v2\/pages\/37"}],"collection":[{"href":"https:\/\/zspgbuk.pl\/index.php?rest_route=\/wp\/v2\/pages"}],"about":[{"href":"https:\/\/zspgbuk.pl\/index.php?rest_route=\/wp\/v2\/types\/page"}],"author":[{"embeddable":true,"href":"https:\/\/zspgbuk.pl\/index.php?rest_route=\/wp\/v2\/users\/2"}],"replies":[{"embeddable":true,"href":"https:\/\/zspgbuk.pl\/index.php?rest_route=%2Fwp%2Fv2%2Fcomments&post=37"}],"version-history":[{"count":28,"href":"https:\/\/zspgbuk.pl\/index.php?rest_route=\/wp\/v2\/pages\/37\/revisions"}],"predecessor-version":[{"id":10919,"href":"https:\/\/zspgbuk.pl\/index.php?rest_route=\/wp\/v2\/pages\/37\/revisions\/10919"}],"wp:attachment":[{"href":"https:\/\/zspgbuk.pl\/index.php?rest_route=%2Fwp%2Fv2%2Fmedia&parent=37"}],"curies":[{"name":"wp","href":"https:\/\/api.w.org\/{rel}","templated":true}]}}