{"id":3738,"date":"2017-03-08T08:24:39","date_gmt":"2017-03-08T07:24:39","guid":{"rendered":"http:\/\/intercom-ic.home.pl\/autoinstalator\/wordpress2\/?page_id=470"},"modified":"2026-01-16T12:14:57","modified_gmt":"2026-01-16T11:14:57","slug":"zasady-rekrutacji-do-szkoly","status":"publish","type":"page","link":"https:\/\/zspgbuk.pl\/?page_id=3738","title":{"rendered":"ZASADY REKRUTACJI DO SZKO\u0141Y"},"content":{"rendered":"<p>&nbsp;<\/p>\n<h2><span style=\"color: #800000;\"><strong>NAB\u00d3R DO SZKO\u0141Y PROWADZONY B\u0118DZIE PRZEZ SYSTEM ELEKTRONICZNY<\/strong><\/span><span style=\"font-size: 14pt;\"><span style=\"color: #800000;\">:<\/span>\u00a0<\/span><\/h2>\n<h2><a href=\"https:\/\/nabor.pcss.pl\/poznan\/szkolaponadpodstawowa\/\" target=\"_blank\" rel=\"noopener\">https:\/\/nabor.pcss.pl\/poznan\/szkolaponadpodstawowa\/<\/a><\/h2>\n<h2><span style=\"color: #003366;\"><a style=\"color: #003366;\" href=\"http:\/\/zspgbuk.pl\/wp-content\/uploads\/2026\/01\/Wewnatrzszkolne-zasady-rekrutacji-do-BS-2026-27.pdf\" target=\"_blank\" rel=\"noopener\"><strong>Wewn\u0105trzszkolne zasady rekrutacji na rok 2026\/2027<\/strong><\/a><\/span><\/h2>\n<h2><a href=\"http:\/\/zspgbuk.pl\/wp-content\/uploads\/2025\/03\/Informacje-o-rekrutacji.pdf\" target=\"_blank\" rel=\"noopener\"><strong>Rekrutacja do szk\u00f3\u0142 ponadpodstawowych &#8211; poradnik<\/strong><\/a><\/h2>\n<h2><a href=\"http:\/\/www.irpoznan.com.pl\/strona,kandydat.html\" target=\"_blank\" rel=\"noopener\"><strong>Informacje dla kandydata do szko\u0142y &#8211; <em>materia\u0142y Wielkopolskiej Izby Rzemie\u015blniczej w Poznaniu<\/em><\/strong><\/a><\/h2>\n","protected":false},"excerpt":{"rendered":"<p>&nbsp; NAB\u00d3R DO SZKO\u0141Y PROWADZONY B\u0118DZIE PRZEZ SYSTEM ELEKTRONICZNY:\u00a0 https:\/\/nabor.pcss.pl\/poznan\/szkolaponadpodstawowa\/ Wewn\u0105trzszkolne zasady rekrutacji na rok 2026\/2027 Rekrutacja do szk\u00f3\u0142 ponadpodstawowych &#8211; poradnik Informacje dla kandydata do szko\u0142y &#8211; materia\u0142y Wielkopolskiej Izby Rzemie\u015blniczej w Poznaniu<\/p>\n","protected":false},"author":1,"featured_media":404,"parent":4301,"menu_order":0,"comment_status":"closed","ping_status":"closed","template":"","meta":[],"_links":{"self":[{"href":"https:\/\/zspgbuk.pl\/index.php?rest_route=\/wp\/v2\/pages\/3738"}],"collection":[{"href":"https:\/\/zspgbuk.pl\/index.php?rest_route=\/wp\/v2\/pages"}],"about":[{"href":"https:\/\/zspgbuk.pl\/index.php?rest_route=\/wp\/v2\/types\/page"}],"author":[{"embeddable":true,"href":"https:\/\/zspgbuk.pl\/index.php?rest_route=\/wp\/v2\/users\/1"}],"replies":[{"embeddable":true,"href":"https:\/\/zspgbuk.pl\/index.php?rest_route=%2Fwp%2Fv2%2Fcomments&post=3738"}],"version-history":[{"count":17,"href":"https:\/\/zspgbuk.pl\/index.php?rest_route=\/wp\/v2\/pages\/3738\/revisions"}],"predecessor-version":[{"id":10902,"href":"https:\/\/zspgbuk.pl\/index.php?rest_route=\/wp\/v2\/pages\/3738\/revisions\/10902"}],"up":[{"embeddable":true,"href":"https:\/\/zspgbuk.pl\/index.php?rest_route=\/wp\/v2\/pages\/4301"}],"wp:featuredmedia":[{"embeddable":true,"href":"https:\/\/zspgbuk.pl\/index.php?rest_route=\/wp\/v2\/media\/404"}],"wp:attachment":[{"href":"https:\/\/zspgbuk.pl\/index.php?rest_route=%2Fwp%2Fv2%2Fmedia&parent=3738"}],"curies":[{"name":"wp","href":"https:\/\/api.w.org\/{rel}","templated":true}]}}