{"id":43,"date":"2016-12-19T19:37:31","date_gmt":"2016-12-19T18:37:31","guid":{"rendered":"http:\/\/intercom-ic.home.pl\/autoinstalator\/wordpress2\/?page_id=43"},"modified":"2025-12-19T10:21:04","modified_gmt":"2025-12-19T09:21:04","slug":"finanse","status":"publish","type":"page","link":"https:\/\/zspgbuk.pl\/?page_id=43","title":{"rendered":"PROFILAKTYKA"},"content":{"rendered":"<h3><a href=\"http:\/\/zspgbuk.pl\/wp-content\/uploads\/2025\/12\/Ekrany-zdrowie-bezpieczenstwo-i-dostep-do-informacji-Informator-dla-rodzicow-i-nauczycieli.pdf\" target=\"_blank\" rel=\"noopener\"><strong><span style=\"color: #000080;\">Ekrany, zdrowie, bezpiecze\u0144stwo i dost\u0119p do informacji. Informator dla rodzic\u00f3w i nauczycieli<\/span> &#8211;\u00a0<em>do pobrania<\/em><\/strong><\/a><\/h3>\n<h3><a href=\"http:\/\/zspgbuk.pl\/wp-content\/uploads\/2025\/04\/Szkodliwe_tresci_w_internecie_www_int.pdf\" target=\"_blank\" rel=\"noopener\"><strong><span style=\"color: #000080;\">Szkodliwe tre\u015bci w internecie &#8211; Poradnik dla rodzic\u00f3w<\/span> <em><span style=\"color: #000000;\">&#8211; do pobrania<\/span><\/em><\/strong><\/a><\/h3>\n<h3><a href=\"http:\/\/zspgbuk.pl\/wp-content\/uploads\/2025\/02\/Depresja_wsrod_dzieci_i_mlodziezy._profilaktyka_i_reagowanie.pdf\" target=\"_blank\" rel=\"noopener\"><span style=\"color: #000080;\"><strong>Depresja w\u015br\u00f3d dzieci i m\u0142odzie\u017cy. Profilaktyka i reagowanie<\/strong><\/span>\u00a0 <span style=\"color: #000000;\"><em><strong>&#8211; do pobrania<\/strong><\/em><\/span><\/a><\/h3>\n<h3><a href=\"http:\/\/zspgbuk.pl\/wp-content\/uploads\/2024\/02\/Numery-infolinii-pomocowych-dla-osob-w-kryzysie-psychicznym.png\" target=\"_blank\" rel=\"noopener\"><span style=\"color: #000080;\">Numery infolinii pomocowych dla os\u00f3b w kryzysie psychicznym<\/span>\u00a0 <span style=\"color: #000000;\">&#8211;<em> do pobrania<\/em><\/span><\/a><\/h3>\n<h3><a href=\"http:\/\/zspgbuk.pl\/wp-content\/uploads\/2023\/09\/Tu-mozesz-znalezc-pomoc.pdf\" target=\"_blank\" rel=\"noopener\"><span style=\"color: #000080;\">Tu mo\u017cna znale\u017a\u0107 pomoc &#8211; <\/span><em><span style=\"color: #000080;\">telefony<\/span> &#8211; <span style=\"color: #000000;\"><strong>do pobrania<\/strong><\/span><\/em><\/a><\/h3>\n<h3><a href=\"http:\/\/zspgbuk.pl\/wp-content\/uploads\/2023\/09\/Poradnik_dla_rodzicow.pdf\" target=\"_blank\" rel=\"noopener\"><span style=\"color: #000080;\">Promocja zdrowia psychicznego &#8211;<\/span> <span style=\"color: #000000;\"><em>poradnik dla rodzic\u00f3w<\/em><\/span><\/a><\/h3>\n<h3><a href=\"http:\/\/zspgbuk.pl\/wp-content\/uploads\/2024\/04\/Srodowiskowe-Centrum-Zdrowia-Psychicznego.pdf\" target=\"_blank\" rel=\"noopener\"><span style=\"color: #000080;\">Centrum Zdrowia Psychicznego w Niepruszewie &#8211; <span style=\"color: #000000;\"><em>ulotka do pobrania<\/em><\/span><\/span><\/a><\/h3>\n<h3><a href=\"http:\/\/zspgbuk.pl\/wp-content\/uploads\/2023\/09\/Poradnia-w-Plewiskach.pdf\" target=\"_blank\" rel=\"noopener\"><span style=\"color: #000080;\">Poradnia dla dzieci i m\u0142odzie\u017cy w Plewiskach &#8211; <span style=\"color: #000000;\"><em>ulotka do pobrania<\/em><\/span><\/span><\/a><\/h3>\n<h3><a href=\"http:\/\/zspgbuk.pl\/wp-content\/uploads\/2023\/09\/Poradnia-w-Poznaniu.pdf\" target=\"_blank\" rel=\"noopener\"><span style=\"color: #000080;\">Poradnia dla dzieci i m\u0142odzie\u017cy w Poznaniu &#8211; <span style=\"color: #000000;\"><em>ulotka do pobrania<\/em><\/span><\/span><\/a><\/h3>\n","protected":false},"excerpt":{"rendered":"<p>Ekrany, zdrowie, bezpiecze\u0144stwo i dost\u0119p do informacji. Informator dla rodzic\u00f3w i nauczycieli &#8211;\u00a0do pobrania Szkodliwe tre\u015bci w internecie &#8211; Poradnik dla rodzic\u00f3w &#8211; do pobrania Depresja w\u015br\u00f3d dzieci i m\u0142odzie\u017cy. Profilaktyka i reagowanie\u00a0 &#8211; do pobrania Numery infolinii pomocowych dla os\u00f3b w kryzysie psychicznym\u00a0 &#8211; do pobrania Tu mo\u017cna znale\u017a\u0107 [&hellip;]<\/p>\n","protected":false},"author":3,"featured_media":404,"parent":0,"menu_order":0,"comment_status":"closed","ping_status":"closed","template":"","meta":[],"_links":{"self":[{"href":"https:\/\/zspgbuk.pl\/index.php?rest_route=\/wp\/v2\/pages\/43"}],"collection":[{"href":"https:\/\/zspgbuk.pl\/index.php?rest_route=\/wp\/v2\/pages"}],"about":[{"href":"https:\/\/zspgbuk.pl\/index.php?rest_route=\/wp\/v2\/types\/page"}],"author":[{"embeddable":true,"href":"https:\/\/zspgbuk.pl\/index.php?rest_route=\/wp\/v2\/users\/3"}],"replies":[{"embeddable":true,"href":"https:\/\/zspgbuk.pl\/index.php?rest_route=%2Fwp%2Fv2%2Fcomments&post=43"}],"version-history":[{"count":24,"href":"https:\/\/zspgbuk.pl\/index.php?rest_route=\/wp\/v2\/pages\/43\/revisions"}],"predecessor-version":[{"id":10878,"href":"https:\/\/zspgbuk.pl\/index.php?rest_route=\/wp\/v2\/pages\/43\/revisions\/10878"}],"wp:featuredmedia":[{"embeddable":true,"href":"https:\/\/zspgbuk.pl\/index.php?rest_route=\/wp\/v2\/media\/404"}],"wp:attachment":[{"href":"https:\/\/zspgbuk.pl\/index.php?rest_route=%2Fwp%2Fv2%2Fmedia&parent=43"}],"curies":[{"name":"wp","href":"https:\/\/api.w.org\/{rel}","templated":true}]}}