{"id":4306,"date":"2020-02-17T15:00:20","date_gmt":"2020-02-17T15:00:20","guid":{"rendered":"http:\/\/bizix.premiumthemes.in\/?page_id=158"},"modified":"2022-05-20T06:24:04","modified_gmt":"2022-05-20T04:24:04","slug":"home-1","status":"publish","type":"page","link":"https:\/\/zspgbuk.pl\/","title":{"rendered":"Home 1"},"content":{"rendered":"\t\t<div data-elementor-type=\"wp-page\" data-elementor-id=\"4306\" class=\"elementor elementor-4306\">\n\t\t\t\t\t\t\t\t\t<section class=\"elementor-section elementor-top-section elementor-element elementor-element-f98a6aa elementor-section-boxed elementor-section-height-default elementor-section-height-default\" data-id=\"f98a6aa\" data-element_type=\"section\">\n\t\t\t\t\t\t<div class=\"elementor-container elementor-column-gap-default\">\n\t\t\t\t\t<div class=\"elementor-column elementor-col-100 elementor-top-column elementor-element elementor-element-2ed063e\" data-id=\"2ed063e\" data-element_type=\"column\">\n\t\t\t<div class=\"elementor-widget-wrap elementor-element-populated\">\n\t\t\t\t\t\t\t\t<div class=\"elementor-element elementor-element-822900d elementor-widget elementor-widget-elementskit-client-logo\" data-id=\"822900d\" data-element_type=\"widget\" data-widget_type=\"elementskit-client-logo.default\">\n\t\t\t\t<div class=\"elementor-widget-container\">\n\t\t\t<div class=\"ekit-wid-con\" >        <div class=\"elementskit-clients-slider slick-slider  simple_logo_image\" data-config=\"{&quot;rtl&quot;:false,&quot;arrows&quot;:false,&quot;dots&quot;:false,&quot;pauseOnHover&quot;:true,&quot;autoplay&quot;:true,&quot;speed&quot;:1000,&quot;slidesPerView&quot;:4,&quot;slidesPerGroup&quot;:1,&quot;slidesPerColumn&quot;:1,&quot;loop&quot;:false,&quot;breakpoints&quot;:{&quot;320&quot;:{&quot;slidesPerView&quot;:1,&quot;slidesPerGroup&quot;:1},&quot;768&quot;:{&quot;slidesPerView&quot;:2,&quot;slidesPerGroup&quot;:1},&quot;1024&quot;:{&quot;slidesPerView&quot;:4,&quot;slidesPerGroup&quot;:1}}}\" data-direction=\"\">\n            <div class=\"swiper-container\">\n                <div class=\"slick-list swiper-wrapper\">\n                                            <div class=\"elementskit-client-slider-item swiper-slide \">\n                            <div class=\"slick-slide\">\n                                <div class=\"single-client image-switcher\" title=\"RODO\">\n                                    \n\n                                        <a href=\"http:\/\/zspgbuk.pl\/wp-content\/uploads\/2020\/09\/KLAUZULA-INFORMACYJNA_og\u00f3lna.pdf\" >\n                                            <span class=\"content-image\">\n\t\t\t\t\t\t\t\t\t\t\t\t<img decoding=\"async\" width=\"151\" height=\"80\" src=\"https:\/\/zspgbuk.pl\/wp-content\/uploads\/2021\/03\/rodo_3-1.jpg\" class=\"\" alt=\"\" loading=\"lazy\" \/>                                            <\/span>\n                                        <\/a>\n\n                                    \n                                <\/div>\n                            <\/div>\n                        <\/div>\n\n                                            <div class=\"elementskit-client-slider-item swiper-slide \">\n                            <div class=\"slick-slide\">\n                                <div class=\"single-client image-switcher\" title=\"BIP\">\n                                    \n\n                                        <a href=\"https:\/\/bsbuk.ssdip.bip.gov.pl\/\" >\n                                            <span class=\"content-image\">\n\t\t\t\t\t\t\t\t\t\t\t\t<img decoding=\"async\" width=\"190\" height=\"80\" src=\"https:\/\/zspgbuk.pl\/wp-content\/uploads\/2021\/03\/bip-1.png\" class=\"\" alt=\"\" loading=\"lazy\" \/>                                            <\/span>\n                                        <\/a>\n\n                                    \n                                <\/div>\n                            <\/div>\n                        <\/div>\n\n                                            <div class=\"elementskit-client-slider-item swiper-slide \">\n                            <div class=\"slick-slide\">\n                                <div class=\"single-client image-switcher\" title=\"Deklaracja\">\n                                    \n\n                                        <a href=\"https:\/\/zspgbuk.pl\/?page_id=3885\" >\n                                            <span class=\"content-image\">\n\t\t\t\t\t\t\t\t\t\t\t\t<img decoding=\"async\" width=\"204\" height=\"80\" src=\"https:\/\/zspgbuk.pl\/wp-content\/uploads\/2021\/03\/deklaracja-dostepnosci-cia2-1-1.png\" class=\"\" alt=\"\" loading=\"lazy\" \/>                                            <\/span>\n                                        <\/a>\n\n                                    \n                                <\/div>\n                            <\/div>\n                        <\/div>\n\n                                            <div class=\"elementskit-client-slider-item swiper-slide \">\n                            <div class=\"slick-slide\">\n                                <div class=\"single-client image-switcher\" title=\"FB\">\n                                    \n\n                                        <a href=\"https:\/\/www.facebook.com\/Bran%C5%BCowa-Szko%C5%82a-I-stopnia-w-Buku-1667879623331261\/\" >\n                                            <span class=\"content-image\">\n\t\t\t\t\t\t\t\t\t\t\t\t<img decoding=\"async\" width=\"213\" height=\"80\" src=\"https:\/\/zspgbuk.pl\/wp-content\/uploads\/2021\/03\/fb-1.png\" class=\"\" alt=\"\" loading=\"lazy\" \/>                                            <\/span>\n                                        <\/a>\n\n                                    \n                                <\/div>\n                            <\/div>\n                        <\/div>\n\n                                    <\/div>\n\n            <\/div><!-- .elementskit-clients-slider END -->\n           \n            <ul class=\"slick-dots swiper-pagination swiper-pagination-clickable swiper-pagination-bullets\"><\/ul>\n                    <\/div>\n\n    <\/div>\t\t<\/div>\n\t\t\t\t<\/div>\n\t\t\t\t<div class=\"elementor-element elementor-element-d0bb169 elementor-grid-3 elementor-grid-tablet-2 elementor-grid-mobile-1 elementor-posts--thumbnail-top elementor-card-shadow-yes elementor-posts__hover-gradient elementor-widget elementor-widget-posts\" data-id=\"d0bb169\" data-element_type=\"widget\" data-settings=\"{&quot;cards_columns&quot;:&quot;3&quot;,&quot;cards_columns_tablet&quot;:&quot;2&quot;,&quot;cards_columns_mobile&quot;:&quot;1&quot;,&quot;cards_row_gap&quot;:{&quot;unit&quot;:&quot;px&quot;,&quot;size&quot;:35,&quot;sizes&quot;:[]}}\" data-widget_type=\"posts.cards\">\n\t\t\t\t<div class=\"elementor-widget-container\">\n\t\t\t\t\t<div class=\"elementor-posts-container elementor-posts elementor-posts--skin-cards elementor-grid\">\n\t\t\t\t<article class=\"elementor-post elementor-grid-item post-11580 post type-post status-publish format-standard has-post-thumbnail hentry category-bez-kategorii\">\n\t\t\t<div class=\"elementor-post__card\">\n\t\t\t\t<a class=\"elementor-post__thumbnail__link\" href=\"https:\/\/zspgbuk.pl\/?p=11580\" >\n\t\t\t<div class=\"elementor-post__thumbnail\"><img width=\"640\" height=\"480\" src=\"https:\/\/zspgbuk.pl\/wp-content\/uploads\/2026\/05\/1-7.jpg\" class=\"attachment-medium_large size-medium_large wp-image-11610\" alt=\"\" decoding=\"async\" loading=\"lazy\" srcset=\"https:\/\/zspgbuk.pl\/wp-content\/uploads\/2026\/05\/1-7.jpg 640w, https:\/\/zspgbuk.pl\/wp-content\/uploads\/2026\/05\/1-7-300x225.jpg 300w\" sizes=\"(max-width: 640px) 100vw, 640px\" \/><\/div>\n\t\t<\/a>\n\t\t\t\t<div class=\"elementor-post__text\">\n\t\t\t\t<h3 class=\"elementor-post__title\">\n\t\t\t<a href=\"https:\/\/zspgbuk.pl\/?p=11580\" >\n\t\t\t\tSzkolny grill na pe\u0142nych obrotach \ud83d\udd25\t\t\t<\/a>\n\t\t<\/h3>\n\t\t\t\t<div class=\"elementor-post__excerpt\">\n\t\t\t<p>Kie\u0142baski skwiercza\u0142y, muzyka gra\u0142a, a humory dopisywa\u0142y. Uczniowskie grillowanie zorganizowane dla uczni\u00f3w I zmiany by\u0142o okazj\u0105 na integracj\u0119, odpoczynek i wsp\u00f3lne sp\u0119dzenie czasu. Smaczne kie\u0142baski\ud83c\udf2d, dobra ekipa i \u015bwietna pogoda\ud83d\ude0e\u2600\ufe0f, psiaki do g\u0142askania\ud83d\udc36 oraz wspania\u0142e ci\u0105gniki\ud83d\ude9c- to przepis na udane grillowanie \ud83d\ude0a<\/p>\n\t\t<\/div>\n\t\t\t\t\t<a class=\"elementor-post__read-more\" href=\"https:\/\/zspgbuk.pl\/?p=11580\" >\n\t\t\t\tCzytaj wi\u0119cej \u00bb\t\t\t<\/a>\n\t\t\t\t<\/div>\n\t\t\t\t<div class=\"elementor-post__meta-data\">\n\t\t\t\t\t<span class=\"elementor-post-date\">\n\t\t\t15 maja 2026\t\t<\/span>\n\t\t\t\t<\/div>\n\t\t\t\t\t<\/div>\n\t\t<\/article>\n\t\t\t\t<article class=\"elementor-post elementor-grid-item post-11566 post type-post status-publish format-standard has-post-thumbnail hentry category-bez-kategorii\">\n\t\t\t<div class=\"elementor-post__card\">\n\t\t\t\t<a class=\"elementor-post__thumbnail__link\" href=\"https:\/\/zspgbuk.pl\/?p=11566\" >\n\t\t\t<div class=\"elementor-post__thumbnail\"><img width=\"640\" height=\"360\" src=\"https:\/\/zspgbuk.pl\/wp-content\/uploads\/2026\/05\/1-6.jpg\" class=\"attachment-medium_large size-medium_large wp-image-11568\" alt=\"\" decoding=\"async\" loading=\"lazy\" srcset=\"https:\/\/zspgbuk.pl\/wp-content\/uploads\/2026\/05\/1-6.jpg 640w, https:\/\/zspgbuk.pl\/wp-content\/uploads\/2026\/05\/1-6-300x169.jpg 300w\" sizes=\"(max-width: 640px) 100vw, 640px\" \/><\/div>\n\t\t<\/a>\n\t\t\t\t<div class=\"elementor-post__text\">\n\t\t\t\t<h3 class=\"elementor-post__title\">\n\t\t\t<a href=\"https:\/\/zspgbuk.pl\/?p=11566\" >\n\t\t\t\t\u2764\ufe0f Podsumowanie kampanii \u201eDrugie \u017bycie\u201d \u2764\ufe0f\t\t\t<\/a>\n\t\t<\/h3>\n\t\t\t\t<div class=\"elementor-post__excerpt\">\n\t\t\t<p>Za nami udzia\u0142 w kampanii \u201eDrugie \u017bycie\u201d. To by\u0142 czas wa\u017cnych rozm\u00f3w, inspiruj\u0105cych spotka\u0144, cennych dzia\u0142a\u0144 edukacyjnych, zdobywania wiedzy i budowania \u015bwiadomo\u015bci na temat transplantacji oraz idei dawstwa narz\u0105d\u00f3w. Wierzymy, \u017ce edukacja i empatia maj\u0105 moc zmieniania \u015bwiata, bo \u201edrugie \u017cycie\u201d mo\u017ce zacz\u0105\u0107 si\u0119 dzi\u0119ki jednej \u015bwiadomej decyzji. Dzi\u0119kujemy wszystkim<\/p>\n\t\t<\/div>\n\t\t\t\t\t<a class=\"elementor-post__read-more\" href=\"https:\/\/zspgbuk.pl\/?p=11566\" >\n\t\t\t\tCzytaj wi\u0119cej \u00bb\t\t\t<\/a>\n\t\t\t\t<\/div>\n\t\t\t\t<div class=\"elementor-post__meta-data\">\n\t\t\t\t\t<span class=\"elementor-post-date\">\n\t\t\t14 maja 2026\t\t<\/span>\n\t\t\t\t<\/div>\n\t\t\t\t\t<\/div>\n\t\t<\/article>\n\t\t\t\t<article class=\"elementor-post elementor-grid-item post-11554 post type-post status-publish format-standard has-post-thumbnail hentry category-bez-kategorii\">\n\t\t\t<div class=\"elementor-post__card\">\n\t\t\t\t<a class=\"elementor-post__thumbnail__link\" href=\"https:\/\/zspgbuk.pl\/?p=11554\" >\n\t\t\t<div class=\"elementor-post__thumbnail\"><img width=\"640\" height=\"462\" src=\"https:\/\/zspgbuk.pl\/wp-content\/uploads\/2026\/05\/2-3.jpg\" class=\"attachment-medium_large size-medium_large wp-image-11556\" alt=\"\" decoding=\"async\" loading=\"lazy\" srcset=\"https:\/\/zspgbuk.pl\/wp-content\/uploads\/2026\/05\/2-3.jpg 640w, https:\/\/zspgbuk.pl\/wp-content\/uploads\/2026\/05\/2-3-300x217.jpg 300w\" sizes=\"(max-width: 640px) 100vw, 640px\" \/><\/div>\n\t\t<\/a>\n\t\t\t\t<div class=\"elementor-post__text\">\n\t\t\t\t<h3 class=\"elementor-post__title\">\n\t\t\t<a href=\"https:\/\/zspgbuk.pl\/?p=11554\" >\n\t\t\t\tDopingowali\u015bmy uczestnik\u00f3w konkursu\ud83d\udc4f\ud83d\udc34\ud83c\udfc6\t\t\t<\/a>\n\t\t<\/h3>\n\t\t\t\t<div class=\"elementor-post__excerpt\">\n\t\t\t<p>Uczniowie naszej szko\u0142y mieli okazj\u0119 uczestniczy\u0107 w roli widz\u00f3w i kibic\u00f3w w I M\u0142odzie\u017cowym Konkursie Umiej\u0119tno\u015bci Bran\u017cowych w zakresie hodowli koni i je\u017adziectwa w BCU LIDER w Buku. Wydarzenie by\u0142o doskona\u0142\u0105 okazj\u0105 do poznania zagadnie\u0144 zwi\u0105zanych z hodowl\u0105 koni, piel\u0119gnacj\u0105 zwierz\u0105t oraz sportami je\u017adzieckimi. M\u0142odzie\u017c z du\u017cym zainteresowaniem obserwowa\u0142a zmagania<\/p>\n\t\t<\/div>\n\t\t\t\t\t<a class=\"elementor-post__read-more\" href=\"https:\/\/zspgbuk.pl\/?p=11554\" >\n\t\t\t\tCzytaj wi\u0119cej \u00bb\t\t\t<\/a>\n\t\t\t\t<\/div>\n\t\t\t\t<div class=\"elementor-post__meta-data\">\n\t\t\t\t\t<span class=\"elementor-post-date\">\n\t\t\t13 maja 2026\t\t<\/span>\n\t\t\t\t<\/div>\n\t\t\t\t\t<\/div>\n\t\t<\/article>\n\t\t\t\t<article class=\"elementor-post elementor-grid-item post-11545 post type-post status-publish format-standard has-post-thumbnail hentry category-bez-kategorii\">\n\t\t\t<div class=\"elementor-post__card\">\n\t\t\t\t<a class=\"elementor-post__thumbnail__link\" href=\"https:\/\/zspgbuk.pl\/?p=11545\" >\n\t\t\t<div class=\"elementor-post__thumbnail\"><img width=\"400\" height=\"600\" src=\"https:\/\/zspgbuk.pl\/wp-content\/uploads\/2026\/05\/Nabor-rozpoczety.jpg\" class=\"attachment-medium_large size-medium_large wp-image-11549\" alt=\"\" decoding=\"async\" loading=\"lazy\" srcset=\"https:\/\/zspgbuk.pl\/wp-content\/uploads\/2026\/05\/Nabor-rozpoczety.jpg 400w, https:\/\/zspgbuk.pl\/wp-content\/uploads\/2026\/05\/Nabor-rozpoczety-200x300.jpg 200w\" sizes=\"(max-width: 400px) 100vw, 400px\" \/><\/div>\n\t\t<\/a>\n\t\t\t\t<div class=\"elementor-post__text\">\n\t\t\t\t<h3 class=\"elementor-post__title\">\n\t\t\t<a href=\"https:\/\/zspgbuk.pl\/?p=11545\" >\n\t\t\t\tNAB\u00d3R DO SZKO\u0141Y ROZPOCZ\u0118TY\t\t\t<\/a>\n\t\t<\/h3>\n\t\t\t\t<div class=\"elementor-post__excerpt\">\n\t\t\t<p>Dnia 11 maja 2026 r. rozpocz\u0119\u0142a si\u0119 rekrutacja do szk\u00f3\u0142 ponadpodstawowych, kt\u00f3ra potrwa do 29 maja 2026 r. Je\u015bli chcesz zdoby\u0107 konkretny zaw\u00f3d, rozwija\u0107 swoje umiej\u0119tno\u015bci praktyczne i uczy\u0107 si\u0119 w przyjaznej atmosferze \u2013 zapraszamy do nas! Nasza szko\u0142a to: nauka zawodu po\u0142\u0105czona z praktykami, do\u015bwiadczeni nauczyciele i fachowcy, nowoczesne<\/p>\n\t\t<\/div>\n\t\t\t\t\t<a class=\"elementor-post__read-more\" href=\"https:\/\/zspgbuk.pl\/?p=11545\" >\n\t\t\t\tCzytaj wi\u0119cej \u00bb\t\t\t<\/a>\n\t\t\t\t<\/div>\n\t\t\t\t<div class=\"elementor-post__meta-data\">\n\t\t\t\t\t<span class=\"elementor-post-date\">\n\t\t\t11 maja 2026\t\t<\/span>\n\t\t\t\t<\/div>\n\t\t\t\t\t<\/div>\n\t\t<\/article>\n\t\t\t\t<article class=\"elementor-post elementor-grid-item post-11531 post type-post status-publish format-standard has-post-thumbnail hentry category-bez-kategorii\">\n\t\t\t<div class=\"elementor-post__card\">\n\t\t\t\t<a class=\"elementor-post__thumbnail__link\" href=\"https:\/\/zspgbuk.pl\/?p=11531\" >\n\t\t\t<div class=\"elementor-post__thumbnail\"><img width=\"400\" height=\"533\" src=\"https:\/\/zspgbuk.pl\/wp-content\/uploads\/2026\/05\/IMG_5028.jpg\" class=\"attachment-medium_large size-medium_large wp-image-11542\" alt=\"\" decoding=\"async\" loading=\"lazy\" srcset=\"https:\/\/zspgbuk.pl\/wp-content\/uploads\/2026\/05\/IMG_5028.jpg 400w, https:\/\/zspgbuk.pl\/wp-content\/uploads\/2026\/05\/IMG_5028-225x300.jpg 225w\" sizes=\"(max-width: 400px) 100vw, 400px\" \/><\/div>\n\t\t<\/a>\n\t\t\t\t<div class=\"elementor-post__text\">\n\t\t\t\t<h3 class=\"elementor-post__title\">\n\t\t\t<a href=\"https:\/\/zspgbuk.pl\/?p=11531\" >\n\t\t\t\tKolorowo, kreatywnie i z przes\u0142aniem\t\t\t<\/a>\n\t\t<\/h3>\n\t\t\t\t<div class=\"elementor-post__excerpt\">\n\t\t\t<p>Uczennice klasy Ib przygotowa\u0142y kolejn\u0105 prac\u0119 w ramach konkursu \u201eKobiety Bohaterki. Zainspiruj si\u0119\u201d. Na plakacie pojawi\u0142y si\u0119 inspiruj\u0105ce kobiety z r\u00f3\u017cnych dziedzin \u017cycia. Ada Lovelace to pionierka programowania, Simone Biles jest mistrzyni\u0105 gimnastyki, a Olga Tokarczuk pisark\u0105 i laureatk\u0105 Literackiej Nagrody Nobla. Drewniane kr\u0105\u017cki, kolorowe druciki, pompony i patyczki stworzy\u0142y<\/p>\n\t\t<\/div>\n\t\t\t\t\t<a class=\"elementor-post__read-more\" href=\"https:\/\/zspgbuk.pl\/?p=11531\" >\n\t\t\t\tCzytaj wi\u0119cej \u00bb\t\t\t<\/a>\n\t\t\t\t<\/div>\n\t\t\t\t<div class=\"elementor-post__meta-data\">\n\t\t\t\t\t<span class=\"elementor-post-date\">\n\t\t\t8 maja 2026\t\t<\/span>\n\t\t\t\t<\/div>\n\t\t\t\t\t<\/div>\n\t\t<\/article>\n\t\t\t\t<article class=\"elementor-post elementor-grid-item post-11519 post type-post status-publish format-standard has-post-thumbnail hentry category-bez-kategorii\">\n\t\t\t<div class=\"elementor-post__card\">\n\t\t\t\t<a class=\"elementor-post__thumbnail__link\" href=\"https:\/\/zspgbuk.pl\/?p=11519\" >\n\t\t\t<div class=\"elementor-post__thumbnail\"><img width=\"640\" height=\"360\" src=\"https:\/\/zspgbuk.pl\/wp-content\/uploads\/2026\/05\/hymn.jpg\" class=\"attachment-medium_large size-medium_large wp-image-11529\" alt=\"\" decoding=\"async\" loading=\"lazy\" srcset=\"https:\/\/zspgbuk.pl\/wp-content\/uploads\/2026\/05\/hymn.jpg 640w, https:\/\/zspgbuk.pl\/wp-content\/uploads\/2026\/05\/hymn-300x169.jpg 300w\" sizes=\"(max-width: 640px) 100vw, 640px\" \/><\/div>\n\t\t<\/a>\n\t\t\t\t<div class=\"elementor-post__text\">\n\t\t\t\t<h3 class=\"elementor-post__title\">\n\t\t\t<a href=\"https:\/\/zspgbuk.pl\/?p=11519\" >\n\t\t\t\t\u201eHymn bez pomy\u0142ek\u201d \u2013 znamy zwyci\u0119zc\u00f3w szkolnego konkursu!\t\t\t<\/a>\n\t\t<\/h3>\n\t\t\t\t<div class=\"elementor-post__excerpt\">\n\t\t\t<p>Uczniowie naszej szko\u0142y wzi\u0119li udzia\u0142 w konkursie \u201eHymn bez pomy\u0142ek\u201d. Po zeskanowaniu kodu QR czeka\u0142 na nich quiz dotycz\u0105cy polskiego hymnu narodowego.\u00a0 Uczestnicy musieli wykaza\u0107 si\u0119 dobr\u0105 znajomo\u015bci\u0105 tekstu hymnu, spostrzegawczo\u015bci\u0105 oraz dok\u0142adno\u015bci\u0105. Najwy\u017csze wyniki uzyska\u0142y: \ud83e\udd47klasa 3b \ud83e\udd48 klasa 3d \ud83e\udd49 klasa 2b Najlepsze klasy otrzyma\u0142y pami\u0105tkowy dyplom i<\/p>\n\t\t<\/div>\n\t\t\t\t\t<a class=\"elementor-post__read-more\" href=\"https:\/\/zspgbuk.pl\/?p=11519\" >\n\t\t\t\tCzytaj wi\u0119cej \u00bb\t\t\t<\/a>\n\t\t\t\t<\/div>\n\t\t\t\t<div class=\"elementor-post__meta-data\">\n\t\t\t\t\t<span class=\"elementor-post-date\">\n\t\t\t8 maja 2026\t\t<\/span>\n\t\t\t\t<\/div>\n\t\t\t\t\t<\/div>\n\t\t<\/article>\n\t\t\t\t<\/div>\n\t\t\t\t<nav class=\"elementor-pagination\" role=\"navigation\" aria-label=\"Pagination\">\n\t\t\t<span aria-current=\"page\" class=\"page-numbers current\"><span class=\"elementor-screen-only\">Page<\/span>1<\/span>\n<a class=\"page-numbers\" href=\"https:\/\/zspgbuk.pl\/index.php\/?paged=2&#038;rest_route=%2Fwp%2Fv2%2Fpages%2F4306\"><span class=\"elementor-screen-only\">Page<\/span>2<\/a>\n<a class=\"page-numbers\" href=\"https:\/\/zspgbuk.pl\/index.php\/?paged=3&#038;rest_route=%2Fwp%2Fv2%2Fpages%2F4306\"><span class=\"elementor-screen-only\">Page<\/span>3<\/a>\n<a class=\"page-numbers\" href=\"https:\/\/zspgbuk.pl\/index.php\/?paged=4&#038;rest_route=%2Fwp%2Fv2%2Fpages%2F4306\"><span class=\"elementor-screen-only\">Page<\/span>4<\/a>\n<a class=\"page-numbers\" href=\"https:\/\/zspgbuk.pl\/index.php\/?paged=5&#038;rest_route=%2Fwp%2Fv2%2Fpages%2F4306\"><span class=\"elementor-screen-only\">Page<\/span>5<\/a>\t\t<\/nav>\n\t\t\t\t<\/div>\n\t\t\t\t<\/div>\n\t\t\t\t\t<\/div>\n\t\t<\/div>\n\t\t\t\t\t\t\t<\/div>\n\t\t<\/section>\n\t\t\t\t<section class=\"elementor-section elementor-top-section elementor-element elementor-element-b966f47 elementor-section-boxed elementor-section-height-default elementor-section-height-default\" data-id=\"b966f47\" data-element_type=\"section\">\n\t\t\t\t\t\t<div class=\"elementor-container elementor-column-gap-default\">\n\t\t\t\t\t<div class=\"elementor-column elementor-col-50 elementor-top-column elementor-element elementor-element-2d21da2\" data-id=\"2d21da2\" data-element_type=\"column\" data-settings=\"{&quot;background_background&quot;:&quot;classic&quot;}\">\n\t\t\t<div class=\"elementor-widget-wrap elementor-element-populated\">\n\t\t\t\t\t\t\t\t<div class=\"elementor-element elementor-element-6e04835 elementor-widget elementor-widget-heading\" data-id=\"6e04835\" data-element_type=\"widget\" data-widget_type=\"heading.default\">\n\t\t\t\t<div class=\"elementor-widget-container\">\n\t\t\t<h3 class=\"elementor-heading-title elementor-size-default\">Plany lekcji<\/h3>\t\t<\/div>\n\t\t\t\t<\/div>\n\t\t\t\t<div class=\"elementor-element elementor-element-408fa77 elementor-widget elementor-widget-text-editor\" data-id=\"408fa77\" data-element_type=\"widget\" data-widget_type=\"text-editor.default\">\n\t\t\t\t<div class=\"elementor-widget-container\">\n\t\t\t\t\t\t\t<ul><li><a href=\"http:\/\/zspgbuk.pl\/wp-content\/uploads\/2020\/10\/PLAN-_1_2020-21-od-26.10-1.pdf\"><span style=\"font-size: 12pt;\">Zobacz Plan Lekcji I Zmiana.pdf<\/span><\/a><\/li><li><a href=\"http:\/\/zspgbuk.pl\/wp-content\/uploads\/2020\/10\/PLAN-_2_2020-21-od-19.10.pdf\"><span style=\"font-size: 12pt;\">Zobacz Plan Lekcji II Zmiana.pdf<\/span><\/a><\/li><li><a href=\"https:\/\/zspgbuk.pl\/?page_id=4297\"><span style=\"font-size: 12pt;\">Kalendarz Szkolny<\/span><\/a><\/li><li><a href=\"https:\/\/zspgbuk.pl\/?p=4457\"><span style=\"font-size: 12pt;\">Szkolenia Praktyczne<\/span><\/a><\/li><li><a href=\"https:\/\/zspgbuk.pl\/?page_id=4302\"><span style=\"font-size: 12pt;\">Projekty<\/span><\/a><\/li><\/ul>\t\t\t\t\t\t<\/div>\n\t\t\t\t<\/div>\n\t\t\t\t\t<\/div>\n\t\t<\/div>\n\t\t\t\t<div class=\"elementor-column elementor-col-50 elementor-top-column elementor-element elementor-element-2f17a93\" data-id=\"2f17a93\" data-element_type=\"column\" data-settings=\"{&quot;background_background&quot;:&quot;classic&quot;}\">\n\t\t\t<div class=\"elementor-widget-wrap elementor-element-populated\">\n\t\t\t\t\t\t\t\t<div class=\"elementor-element elementor-element-97cf01b elementor-widget elementor-widget-heading\" data-id=\"97cf01b\" data-element_type=\"widget\" data-widget_type=\"heading.default\">\n\t\t\t\t<div class=\"elementor-widget-container\">\n\t\t\t<h3 class=\"elementor-heading-title elementor-size-default\">Strefy szkolne<\/h3>\t\t<\/div>\n\t\t\t\t<\/div>\n\t\t\t\t<div class=\"elementor-element elementor-element-a0605f7 elementor-widget elementor-widget-text-editor\" data-id=\"a0605f7\" data-element_type=\"widget\" data-widget_type=\"text-editor.default\">\n\t\t\t\t<div class=\"elementor-widget-container\">\n\t\t\t\t\t\t\t<ul><li><a href=\"https:\/\/zspgbuk.pl\/?page_id=37\">Strefa Pracodawcy<\/a><\/li><li><a href=\"https:\/\/zspgbuk.pl\/?page_id=35\">Strefa Rodzica<\/a><\/li><li><a href=\"https:\/\/zspgbuk.pl\/?page_id=33\">Strefa Ucznia<\/a><\/li><\/ul>\t\t\t\t\t\t<\/div>\n\t\t\t\t<\/div>\n\t\t\t\t\t<\/div>\n\t\t<\/div>\n\t\t\t\t\t\t\t<\/div>\n\t\t<\/section>\n\t\t\t\t\t\t\t<\/div>\n\t\t","protected":false},"excerpt":{"rendered":"<p>Plany lekcji Zobacz Plan Lekcji I Zmiana.pdf Zobacz Plan Lekcji II Zmiana.pdf Kalendarz Szkolny Szkolenia Praktyczne Projekty Strefy szkolne Strefa Pracodawcy Strefa Rodzica Strefa Ucznia<\/p>\n","protected":false},"author":3,"featured_media":0,"parent":0,"menu_order":0,"comment_status":"closed","ping_status":"closed","template":"elementor_header_footer","meta":[],"_links":{"self":[{"href":"https:\/\/zspgbuk.pl\/index.php?rest_route=\/wp\/v2\/pages\/4306"}],"collection":[{"href":"https:\/\/zspgbuk.pl\/index.php?rest_route=\/wp\/v2\/pages"}],"about":[{"href":"https:\/\/zspgbuk.pl\/index.php?rest_route=\/wp\/v2\/types\/page"}],"author":[{"embeddable":true,"href":"https:\/\/zspgbuk.pl\/index.php?rest_route=\/wp\/v2\/users\/3"}],"replies":[{"embeddable":true,"href":"https:\/\/zspgbuk.pl\/index.php?rest_route=%2Fwp%2Fv2%2Fcomments&post=4306"}],"version-history":[{"count":42,"href":"https:\/\/zspgbuk.pl\/index.php?rest_route=\/wp\/v2\/pages\/4306\/revisions"}],"predecessor-version":[{"id":5463,"href":"https:\/\/zspgbuk.pl\/index.php?rest_route=\/wp\/v2\/pages\/4306\/revisions\/5463"}],"wp:attachment":[{"href":"https:\/\/zspgbuk.pl\/index.php?rest_route=%2Fwp%2Fv2%2Fmedia&parent=4306"}],"curies":[{"name":"wp","href":"https:\/\/api.w.org\/{rel}","templated":true}]}}