{"id":474,"date":"2017-03-08T08:26:42","date_gmt":"2017-03-08T07:26:42","guid":{"rendered":"http:\/\/intercom-ic.home.pl\/autoinstalator\/wordpress2\/?page_id=474"},"modified":"2023-02-16T14:51:58","modified_gmt":"2023-02-16T13:51:58","slug":"karta-zgloszenia-szkola-branzowa-i-stopnia","status":"publish","type":"page","link":"https:\/\/zspgbuk.pl\/?page_id=474","title":{"rendered":"KARTA ZG\u0141OSZENIA &#8211; SZKO\u0141A BRAN\u017bOWA I STOPNIA"},"content":{"rendered":"<p>&nbsp;<\/p>\n<h2><a href=\"http:\/\/zspgbuk.pl\/wp-content\/uploads\/2023\/02\/Karta_zgloszenia_BS-2023-1.doc\" target=\"_blank\" rel=\"noopener\"><strong>Karta zg\u0142oszenia do szko\u0142y bran\u017cowej <\/strong>&#8211; do pobrania<\/a><\/h2>\n<h2><a href=\"http:\/\/zspgbuk.pl\/wp-content\/uploads\/2023\/02\/Karta_zgloszenia_BS-2023-1.pdf\" target=\"_blank\" rel=\"noopener\"><strong>Karta zg\u0142oszenia do szko\u0142y (pdf)<\/strong><\/a><\/h2>\n","protected":false},"excerpt":{"rendered":"<p>&nbsp; Karta zg\u0142oszenia do szko\u0142y bran\u017cowej &#8211; do pobrania Karta zg\u0142oszenia do szko\u0142y (pdf)<\/p>\n","protected":false},"author":3,"featured_media":404,"parent":4301,"menu_order":0,"comment_status":"closed","ping_status":"closed","template":"","meta":[],"_links":{"self":[{"href":"https:\/\/zspgbuk.pl\/index.php?rest_route=\/wp\/v2\/pages\/474"}],"collection":[{"href":"https:\/\/zspgbuk.pl\/index.php?rest_route=\/wp\/v2\/pages"}],"about":[{"href":"https:\/\/zspgbuk.pl\/index.php?rest_route=\/wp\/v2\/types\/page"}],"author":[{"embeddable":true,"href":"https:\/\/zspgbuk.pl\/index.php?rest_route=\/wp\/v2\/users\/3"}],"replies":[{"embeddable":true,"href":"https:\/\/zspgbuk.pl\/index.php?rest_route=%2Fwp%2Fv2%2Fcomments&post=474"}],"version-history":[{"count":8,"href":"https:\/\/zspgbuk.pl\/index.php?rest_route=\/wp\/v2\/pages\/474\/revisions"}],"predecessor-version":[{"id":6248,"href":"https:\/\/zspgbuk.pl\/index.php?rest_route=\/wp\/v2\/pages\/474\/revisions\/6248"}],"up":[{"embeddable":true,"href":"https:\/\/zspgbuk.pl\/index.php?rest_route=\/wp\/v2\/pages\/4301"}],"wp:featuredmedia":[{"embeddable":true,"href":"https:\/\/zspgbuk.pl\/index.php?rest_route=\/wp\/v2\/media\/404"}],"wp:attachment":[{"href":"https:\/\/zspgbuk.pl\/index.php?rest_route=%2Fwp%2Fv2%2Fmedia&parent=474"}],"curies":[{"name":"wp","href":"https:\/\/api.w.org\/{rel}","templated":true}]}}