{"id":478,"date":"2017-03-08T08:28:37","date_gmt":"2017-03-08T07:28:37","guid":{"rendered":"http:\/\/intercom-ic.home.pl\/autoinstalator\/wordpress2\/?page_id=478"},"modified":"2026-02-13T09:20:23","modified_gmt":"2026-02-13T08:20:23","slug":"baza-pracodawcow","status":"publish","type":"page","link":"https:\/\/zspgbuk.pl\/?page_id=478","title":{"rendered":"BAZA PRACODAWC\u00d3W"},"content":{"rendered":"<p>&nbsp;<\/p>\n<h2><a href=\"http:\/\/zspgbuk.pl\/wp-content\/uploads\/2026\/02\/BAZA-PRACODAWCOW-2026.pdf\" target=\"_blank\" rel=\"noopener noreferrer\"><strong>Baza pracodawc\u00f3w <\/strong>&#8211; wykaz zawod\u00f3w i firm<\/a><\/h2>\n<h2><a href=\"https:\/\/www.ore.edu.pl\/wp-content\/uploads\/2021\/01\/informator-o-zawodach-szkolnictwa-branzowego.pdf\" target=\"_blank\" rel=\"noopener\"><strong>Informator o zawodach szkolnictwa bran\u017cowego<\/strong><\/a><\/h2>\n<h2><a href=\"http:\/\/zspgbuk.pl\/wp-content\/uploads\/2022\/07\/Zawody-szkolnictwa-branzowego_I-stopien_2022.pdf\" target=\"_blank\" rel=\"noopener noreferrer\"><strong>Wykaz zawod\u00f3w szkolnictwa bran\u017cowego &#8211; I stopie\u0144<\/strong><\/a><\/h2>\n","protected":false},"excerpt":{"rendered":"<p>&nbsp; Baza pracodawc\u00f3w &#8211; wykaz zawod\u00f3w i firm Informator o zawodach szkolnictwa bran\u017cowego Wykaz zawod\u00f3w szkolnictwa bran\u017cowego &#8211; I stopie\u0144<\/p>\n","protected":false},"author":3,"featured_media":404,"parent":4301,"menu_order":0,"comment_status":"closed","ping_status":"closed","template":"","meta":[],"_links":{"self":[{"href":"https:\/\/zspgbuk.pl\/index.php?rest_route=\/wp\/v2\/pages\/478"}],"collection":[{"href":"https:\/\/zspgbuk.pl\/index.php?rest_route=\/wp\/v2\/pages"}],"about":[{"href":"https:\/\/zspgbuk.pl\/index.php?rest_route=\/wp\/v2\/types\/page"}],"author":[{"embeddable":true,"href":"https:\/\/zspgbuk.pl\/index.php?rest_route=\/wp\/v2\/users\/3"}],"replies":[{"embeddable":true,"href":"https:\/\/zspgbuk.pl\/index.php?rest_route=%2Fwp%2Fv2%2Fcomments&post=478"}],"version-history":[{"count":18,"href":"https:\/\/zspgbuk.pl\/index.php?rest_route=\/wp\/v2\/pages\/478\/revisions"}],"predecessor-version":[{"id":11003,"href":"https:\/\/zspgbuk.pl\/index.php?rest_route=\/wp\/v2\/pages\/478\/revisions\/11003"}],"up":[{"embeddable":true,"href":"https:\/\/zspgbuk.pl\/index.php?rest_route=\/wp\/v2\/pages\/4301"}],"wp:featuredmedia":[{"embeddable":true,"href":"https:\/\/zspgbuk.pl\/index.php?rest_route=\/wp\/v2\/media\/404"}],"wp:attachment":[{"href":"https:\/\/zspgbuk.pl\/index.php?rest_route=%2Fwp%2Fv2%2Fmedia&parent=478"}],"curies":[{"name":"wp","href":"https:\/\/api.w.org\/{rel}","templated":true}]}}