{"id":482,"date":"2017-03-08T08:29:44","date_gmt":"2017-03-08T07:29:44","guid":{"rendered":"http:\/\/intercom-ic.home.pl\/autoinstalator\/wordpress2\/?page_id=482"},"modified":"2023-01-31T13:02:11","modified_gmt":"2023-01-31T12:02:11","slug":"oferta-edukacyjna","status":"publish","type":"page","link":"https:\/\/zspgbuk.pl\/?page_id=482","title":{"rendered":"OFERTA EDUKACYJNA"},"content":{"rendered":"<p>&nbsp;<\/p>\n<h2><a href=\"http:\/\/zspgbuk.pl\/wp-content\/uploads\/2023\/01\/Branzowa-Szkola-I-Stopnia_nabor-1.png\" target=\"_blank\" rel=\"noopener\"><strong>Plakat o szkole<\/strong><\/a><\/h2>\n<h2><a href=\"http:\/\/zspgbuk.pl\/wp-content\/uploads\/2022\/02\/Dolacz-do-BS.jpg\" target=\"_blank\" rel=\"noopener\"><strong>Do\u0142\u0105cz do nas &#8211; plakat<\/strong><\/a><\/h2>\n<h2><strong><a href=\"https:\/\/view.genial.ly\/5ed8ae7d1020020d02d22cc1\/interactive-content-wirtualny-spacer-po-bs-i-st-w-buku\" target=\"_blank\" rel=\"noopener noreferrer\">Wirtualny spacer po naszej szkole<\/a><\/strong><\/h2>\n<h2><a href=\"http:\/\/zspgbuk.pl\/wp-content\/uploads\/2023\/01\/O-NABORZE-na-rok-2023-24.pdf\" target=\"_blank\" rel=\"noopener noreferrer\"><strong>O naborze do szko\u0142y &#8211; <\/strong>prezentacja<\/a><\/h2>\n<h2><a href=\"https:\/\/youtu.be\/yinIc2-iDt8\" target=\"_blank\" rel=\"noopener\"><strong>Filmik &#8211; &#8222;<em>Przygody Flo w Bran\u017cowej Szkole I Stopnia w Buku&#8221;<\/em> <\/strong>&#8211; cz\u0119\u015b\u0107 1<\/a><\/h2>\n<h2><span style=\"color: #333399;\"><a style=\"color: #333399;\" href=\"https:\/\/www.youtube.com\/watch?v=oDp9QpdP2dI\" target=\"_blank\" rel=\"noopener\"><strong>Filmik &#8211; <em>&#8222;Przygody Flo&#8230;&#8221;<\/em> &#8211; cz\u0119\u015b\u0107 2<\/strong><\/a><\/span><\/h2>\n<h2><strong><a href=\"http:\/\/zspgbuk.pl\/wp-content\/uploads\/2020\/04\/DumniZeSwojejSzko\u0142y_BS.pdf\" target=\"_blank\" rel=\"noopener noreferrer\">Prezentacja &#8211; #DumniZeSwojejSzko\u0142y<\/a><\/strong><\/h2>\n<h2><a href=\"http:\/\/zspgbuk.pl\/wp-content\/uploads\/2020\/04\/Do\u0142\u0105czDoNas_BS.mp4\" target=\"_blank\" rel=\"noopener noreferrer\"><strong>Filmik &#8211; #Do\u0142\u0105czDoNas<\/strong><\/a><\/h2>\n<h2><a href=\"https:\/\/drive.google.com\/file\/d\/18A03w9Dh8L8-XG0CbpykWJC5YnuCCoxk\/view?usp=sharing\" target=\"_blank\" rel=\"noopener\"><strong>Filmik &#8211; #DobryWyb\u00f3r<\/strong><\/a><\/h2>\n<h2><a href=\"https:\/\/www.youtube.com\/watch?v=cN2NyZE9sW4\" target=\"_blank\" rel=\"noopener\"><strong>Spot promuj\u0105cy nauk\u0119 zawodu w rzemio\u015ble<\/strong><\/a><\/h2>\n<h2><a href=\"http:\/\/www.irpoznan.com.pl\/strona,poradnik-dla-rodzicow-i-dzieci-szkol-podstawowych.html\" target=\"_blank\" rel=\"noopener\"><strong>Poradnik dla rodzic\u00f3w i uczni\u00f3w szk\u00f3\u0142 podstawowych &#8211; <em>Wybierz rzemios\u0142o<\/em><\/strong><\/a><\/h2>\n<h2><a href=\"http:\/\/www.irpoznan.com.pl\/strona,rzemieslnicze-miasto-zawodow.html\" target=\"_blank\" rel=\"noopener\"><strong>Katalog zawod\u00f3w rzemie\u015blniczych<\/strong><\/a><\/h2>\n","protected":false},"excerpt":{"rendered":"<p>&nbsp; Plakat o szkole Do\u0142\u0105cz do nas &#8211; plakat Wirtualny spacer po naszej szkole O naborze do szko\u0142y &#8211; prezentacja Filmik &#8211; &#8222;Przygody Flo w Bran\u017cowej Szkole I Stopnia w Buku&#8221; &#8211; cz\u0119\u015b\u0107 1 Filmik &#8211; &#8222;Przygody Flo&#8230;&#8221; &#8211; cz\u0119\u015b\u0107 2 Prezentacja &#8211; #DumniZeSwojejSzko\u0142y Filmik &#8211; #Do\u0142\u0105czDoNas Filmik &#8211; #DobryWyb\u00f3r [&hellip;]<\/p>\n","protected":false},"author":3,"featured_media":404,"parent":4301,"menu_order":0,"comment_status":"closed","ping_status":"closed","template":"","meta":[],"_links":{"self":[{"href":"https:\/\/zspgbuk.pl\/index.php?rest_route=\/wp\/v2\/pages\/482"}],"collection":[{"href":"https:\/\/zspgbuk.pl\/index.php?rest_route=\/wp\/v2\/pages"}],"about":[{"href":"https:\/\/zspgbuk.pl\/index.php?rest_route=\/wp\/v2\/types\/page"}],"author":[{"embeddable":true,"href":"https:\/\/zspgbuk.pl\/index.php?rest_route=\/wp\/v2\/users\/3"}],"replies":[{"embeddable":true,"href":"https:\/\/zspgbuk.pl\/index.php?rest_route=%2Fwp%2Fv2%2Fcomments&post=482"}],"version-history":[{"count":17,"href":"https:\/\/zspgbuk.pl\/index.php?rest_route=\/wp\/v2\/pages\/482\/revisions"}],"predecessor-version":[{"id":6204,"href":"https:\/\/zspgbuk.pl\/index.php?rest_route=\/wp\/v2\/pages\/482\/revisions\/6204"}],"up":[{"embeddable":true,"href":"https:\/\/zspgbuk.pl\/index.php?rest_route=\/wp\/v2\/pages\/4301"}],"wp:featuredmedia":[{"embeddable":true,"href":"https:\/\/zspgbuk.pl\/index.php?rest_route=\/wp\/v2\/media\/404"}],"wp:attachment":[{"href":"https:\/\/zspgbuk.pl\/index.php?rest_route=%2Fwp%2Fv2%2Fmedia&parent=482"}],"curies":[{"name":"wp","href":"https:\/\/api.w.org\/{rel}","templated":true}]}}